{"id":41983,"date":"2024-06-14T14:46:36","date_gmt":"2024-06-14T19:46:36","guid":{"rendered":"https:\/\/youtooproject.com\/australia\/vivir-en-byron-bay\/"},"modified":"2025-07-24T06:48:30","modified_gmt":"2025-07-24T11:48:30","slug":"vivir-en-byron-bay","status":"publish","type":"page","link":"https:\/\/youtooproject.com\/en\/australia\/vivir-en-byron-bay\/","title":{"rendered":"Vivir en Byron Bay"},"content":{"rendered":"\n<h2 class=\"wp-block-heading\">Vivir en Byron Bay<\/h2>\n\n\n\n<h3 class=\"wp-block-heading\">El rinc\u00f3n hippie de Australia<\/h3>\n\n\n\n<p>Byron Bay es uno de los lugares m\u00e1s famosos de Australia. Este pintoresco pueblo hippie, situado en la regi\u00f3n norte del estado de New South Wales, es conocido por su ambiente relajado, sus playas impresionantes ideales para el surf, y su estilo de vida alternativo. Durante el verano, Byron Bay atrae a numerosos visitantes de todo el mundo. \u00a1Te explicamos por qu\u00e9!<\/p>\n\n\n\n<figure class=\"wp-block-embed is-type-video is-provider-youtube wp-block-embed-youtube wp-embed-aspect-16-9 wp-has-aspect-ratio\"><div class=\"wp-block-embed__wrapper\">\n<iframe loading=\"lazy\" title=\"Estudiar y vivir en Byron Bay, Australia \ud83c\udf0a \ud83c\udfc4\ud83c\udffc\u200d\u2642\ufe0f\" width=\"500\" height=\"281\" src=\"https:\/\/www.youtube.com\/embed\/Q2vymgPtGOM?feature=oembed\" frameborder=\"0\" allow=\"accelerometer; autoplay; clipboard-write; encrypted-media; gyroscope; picture-in-picture; web-share\" referrerpolicy=\"strict-origin-when-cross-origin\" allowfullscreen><\/iframe>\n<\/div><\/figure>\n\n\n\n<p><\/p>\n\n\n\n<p>Byron Bay es un pueblo costero ubicado en el estado de New South Wales. El<strong>\u00a0para\u00edso playero\u00a0<em>hippie<\/em><\/strong>\u00a0que enamora a todos los viajeros, m\u00fasicos, artistas, surferos, amantes del yoga, de la vida saludable y de la naturaleza.<\/p>\n\n\n\n<h2 class=\"wp-block-heading\">Los pros y contras de vivir en Byon Bay<\/h2>\n\n\n\n<h3 class=\"wp-block-heading\"><strong>Ventajas<\/strong><\/h3>\n\n\n\n<ul class=\"wp-block-list\">\n<li>La naturaleza de Byron Bay es uno de los aspectos que m\u00e1s enamora a los viajeros y locales. No solo por que puedes visitar bosques, cascadas, lagos, monta\u00f1as y playas salvajes, sino porque puedes ver en su h\u00e1bitat natural koalas, canguros, delfines y m\u00faltiples especies de p\u00e1jaros. Todo esto, junto a su aire puro, convierten este en uno de los&nbsp;<strong>destinos tur\u00edsticos m\u00e1s atractivos de Australia<\/strong>.<\/li>\n\n\n\n<li>La&nbsp;<strong>vida saludable y el deporte<\/strong>&nbsp;se viven en el d\u00eda a d\u00eda de este pueblo costero. La oferta es infinita: surf, tenis, yoga, meditaci\u00f3n, medicina alternativa y todo lo que te imagines lo puedes encontrar aqu\u00ed. \u00a1Pero, sobre todo, surf!<\/li>\n\n\n\n<li>Tiene un&nbsp;<strong>buen clima durante todo el a\u00f1o,<\/strong>&nbsp;ya que&nbsp;<a href=\"https:\/\/youtooproject.com\/blog\/australia\/el-invierno-en-australia\/\" target=\"_blank\" rel=\"noreferrer noopener\">sus inviernos son suaves<\/a>&nbsp;y&nbsp;sus&nbsp;<a href=\"https:\/\/youtooproject.com\/blog\/australia\/verano-en-australia\/\">veranos son largos<\/a>. Todo el a\u00f1o podr\u00e1s practicar surf.<\/li>\n\n\n\n<li>Si te gusta hacer<em>&nbsp;brunch,<\/em>&nbsp;este es tu lugar. Byron Bay se ha ganado una reputaci\u00f3n a nivel mundial por tener los&nbsp;<strong>mejores desayunos del mundo<\/strong>, ofrecidos por caf\u00e9s que hacen platos dignos de una foto para Instagram.<\/li>\n\n\n\n<li>Pertenece a la regi\u00f3n de los Northern Rivers, famosa por sus peque\u00f1os pueblos, aldeas y su pintoresco paisaje lleno de granjas de productos como nueces de macadamia, caf\u00e9, ar\u00e1ndanos, frutas, leche y quesos. \u00a1Todo org\u00e1nico!<\/li>\n\n\n\n<li>Durante los a\u00f1os 60 y 70 fue un pueblo&nbsp;<em>hippie<\/em>&nbsp;y hoy en d\u00eda todav\u00eda se respira esa energ\u00eda relajada, amigable y bohemia que cada a\u00f1o atrae a millones de turistas locales y extranjeros.<\/li>\n\n\n\n<li>Byron Bay cuenta con un entorno multicultural y de ocio que dif\u00edcilmente se puede encontrar en el resto de&nbsp;<a href=\"https:\/\/youtooproject.com\/destino\/australia\/\" target=\"_blank\" rel=\"noreferrer noopener\">las ciudades australianas<\/a>.<\/li>\n\n\n\n<li>Es un lugar ideal&nbsp;<a href=\"https:\/\/youtooproject.com\/blog\/australia\/esther-jose-estres-cero-en-byron-bay\/\" target=\"_blank\" rel=\"noreferrer noopener\">para aquellos que quieren&nbsp;<strong>desconectar del mundo<\/strong><\/a>&nbsp;para convivir junto a la naturaleza salvaje mientras surfean viendo cada d\u00eda el amanecer y el atardecer en la playa.<\/li>\n<\/ul>\n\n\n\n<h3 class=\"wp-block-heading\"><strong>Alguna peque\u00f1a \u2013 peque\u00f1isima \u2013 pega de la ciudad:&nbsp;<\/strong><\/h3>\n\n\n\n<ul class=\"wp-block-list\">\n<li>Si te preguntas cu\u00e1les son los problemas que te encuentras&nbsp;en Byron Bay, te diremos que, aunque es un pueblo que se caracteriza por ser&nbsp;<em>hippie<\/em>,&nbsp;<a href=\"https:\/\/youtooproject.com\/blog\/australia\/el-coste-de-la-vida-en-australia\/\" target=\"_blank\" rel=\"noreferrer noopener\">el coste de vida es alto<\/a>.<\/li>\n\n\n\n<li>Al ser un pueblo tan peque\u00f1o, tiene pocas ofertas laborales y mucha competencia debido a la cantidad de viajeros.<\/li>\n\n\n\n<li>Durante los periodos vacacionales hay muchos turistas; sin embargo, estos se concentran en el centro y las playas principales.<\/li>\n\n\n\n<li>Hay poca variedad de hosteler\u00eda y oferta cultural, pero la riqueza natural lo compensa.<\/li>\n<\/ul>\n\n\n\n<h3 class=\"wp-block-heading\">D\u00f3nde se ubica Byron Bay<\/h3>\n\n\n\n<p>Byron Bay es un&nbsp;<strong>peque\u00f1o pueblo costero&nbsp;<\/strong>en el extremo noreste del estado australiano de New South Wales. Se encuentra a 772 kil\u00f3metros&nbsp;<a href=\"https:\/\/youtooproject.com\/destino\/australia\/sidney\/\" target=\"_blank\" rel=\"noreferrer noopener\">al norte de S\u00eddney<\/a>&nbsp;y a 165 kil\u00f3metros&nbsp;<a href=\"https:\/\/youtooproject.com\/destino\/australia\/brisbane\/\" target=\"_blank\" rel=\"noreferrer noopener\">al sur de Brisbane<\/a>. El nombre del pueblo en aborigen local Arakwal es&nbsp;<em>Cavvanbah<\/em>, que significa&nbsp;<em>lugar de reuni\u00f3n<\/em>.<\/p>\n\n\n\n<div style=\"position: relative; width: 100%; height: 0; padding-bottom: 150%; overflow: hidden;\">\n    <iframe src=\"https:\/\/www.instagram.com\/reel\/C5zHRDqSoDL\/embed\" style=\"position: absolute; top: 0; left: 0; width: 100%; height: 100%; border: 0;\" frameborder=\"0\" scrolling=\"no\" allowtransparency=\"true\"><\/iframe>\n<\/div>\n\n\n\n<p><\/p>\n\n\n\n<h3 class=\"wp-block-heading\">Clima en Byron Bay<\/h3>\n\n\n\n<p>En Byron Bay disfrutar\u00e1s del mejor clima. Su verano se define por ser c\u00e1lido, h\u00famedo y parcialmente nublado. Por el otro lado, sus inviernos son templados y despejados. Durante el a\u00f1o, la temperatura puede variar entre 11\u00baC y 27\u00baC, pero rara vez baja a menos de 7\u00baC o sube m\u00e1s de 29\u00baC. El clima de Byron Bay es ideal para realizar deporte al aire libre durante todo el a\u00f1o y disfrutar de sus playas.<\/p>\n\n\n\n<h3 class=\"wp-block-heading\">C\u00f3mo moverte por Byron Bay<\/h3>\n\n\n\n<p>Moverse por Byron Bay es muy sencillo, como es una ciudad tan peque\u00f1a y la mayor\u00eda de las cosas est\u00e1n a&nbsp;<em>walking distance<\/em>, solo necesitar\u00e1s&nbsp;<strong>tus dos pies,<\/strong>&nbsp;dependiendo de&nbsp;<a href=\"https:\/\/youtooproject.com\/blog\/australia\/grupos-facebook-buscar-trabajo-y-casa-en-australia\/\" target=\"_blank\" rel=\"noreferrer noopener\">la ubicaci\u00f3n de tu alojamiento<\/a>. Tambi\u00e9n podr\u00e1s optar por la&nbsp;<strong>bicicleta<\/strong>&nbsp;como un m\u00e9todo m\u00e1s r\u00e1pido y muy popular en la zona. Como ves, \u00a1el transporte en Byron Bay es econ\u00f3mico y respeta el medio ambiente!<br><br>Si estas dos opciones no te gustan o quieres ir m\u00e1s lejos, siempre podr\u00e1s optar por los&nbsp;<strong>autobuses.&nbsp;<\/strong>Entre los m\u00e1s utilizados est\u00e1n&nbsp;<a href=\"https:\/\/www.greyhound.com.au\/\" target=\"_blank\" rel=\"noreferrer noopener\"><strong>Greyhound<\/strong><\/a>&nbsp;y&nbsp;<strong><a href=\"https:\/\/transportnsw.info\/regional\" target=\"_blank\" rel=\"noreferrer noopener\">CountryLink<\/a>.<\/strong><\/p>\n\n\n\n<h3 class=\"wp-block-heading\">Los mejores barrios para vivir en Byron Bay<\/h3>\n\n\n\n<p>Byron Bay es un pueblo peque\u00f1o; sin embargo, sigue la costa durante varios kil\u00f3metros, un aspecto que deber\u00e1s tener en cuenta a la hora de&nbsp;<a href=\"https:\/\/youtooproject.com\/blog\/australia\/buscar-casa-habitacion-en-australia\/\" target=\"_blank\" rel=\"noreferrer noopener\">buscar un lugar para vivir<\/a>. Tu elecci\u00f3n no solo depender\u00e1 de tu presupuesto, sino de qu\u00e9 tan lejos o cerca quieras estar del centro.<br><br>A continuaci\u00f3n, te dejamos una recopilaci\u00f3n de los mejores barrios para vivir en Byron Bay:<\/p>\n\n\n\n<ul class=\"wp-block-list\">\n<li><strong>El centro o CBD:<\/strong>&nbsp;los precios son muy elevados, pero podr\u00e1s ir a todas partes andando, en bicicleta o&nbsp;<em>skateboard.&nbsp;<\/em>\u00a1Y quiz\u00e1s con tu tabla de surf bajo el brazo cuando quieras ir a surfear!<\/li>\n\n\n\n<li><strong>Suffolk Park<\/strong>: se encuentra bastante lejos del pueblo, a 40 minutos andando o 20 minutos en bici hacia el sur. Es una zona muy conocida, elegida por muchos de nuestros estudiantes. Est\u00e1 junto a Tallow Beach, una playa donde puedes surfear cuando el viento te lo permite, evitando las multitudes.<\/li>\n\n\n\n<li><strong>Sunrise:&nbsp;<\/strong>es de las zonas m\u00e1s econ\u00f3micas para <a href=\"https:\/\/youtooproject.com\/en\/australia\/live\/\">vivir en Australia<\/a>. Queda a las afueras del pueblo hacia la parte norte. Est\u00e1 muy cerca de&nbsp;<em>Industrial State<\/em>, donde podr\u00e1s encontrar varias tiendas y un supermercado econ\u00f3mico.<\/li>\n\n\n\n<li><strong>Lilli Pilli<\/strong>: es una zona muy residencial donde sentir\u00e1s que est\u00e1s en el medio del bosque tropical. Los precios aqu\u00ed son mucho m\u00e1s bajos, pero ten en cuenta que si quieres ir al supermercado, tendr\u00e1s que acercarte al pueblo en coche o en bicicleta.<\/li>\n<\/ul>\n\n\n\n<h3 class=\"wp-block-heading\">Ent\u00e9rate de todos los eventos de Byron Bay<\/h3>\n\n\n\n<p>Hemos hecho una recopilaci\u00f3n de los mejores eventos en Byron Bay para que no te pierdas detalle de lo que ocurre en tu nuevo hogar:<\/p>\n\n\n\n<ul class=\"wp-block-list\">\n<li><strong>Abril:&nbsp;<\/strong><a href=\"https:\/\/www.festicket.com\/festivals\/bluesfest-byron-bay\/\" target=\"_blank\" rel=\"noreferrer noopener\">Byron Bay Bluesfest,&nbsp;<\/a>es uno de los festivales de m\u00fasica contempor\u00e1nea m\u00e1s importantes del mundo que se realiza durante el fin de semana de pascua en Byron Bay. Viajeros de todo el pa\u00eds se acercan a este evento musical de 5 d\u00edas que invita a artistas de todo el mundo.<\/li>\n\n\n\n<li><strong>Todo el a\u00f1o:&nbsp;<\/strong><a href=\"https:\/\/www.byron-bay.com\/byronbay\/market.html\" target=\"_blank\" rel=\"noreferrer noopener\">Markets. Byron Bay<\/a>&nbsp;es famoso por sus&nbsp;<em>markets<\/em>, mercados de ropa, comida, artesan\u00edas y m\u00e1s. Todos los jueves se abre un mercado en Butler Street con m\u00e1s de 70 agricultores locales&nbsp;<em>(farmers)<\/em>&nbsp;que venden productos frescos cultivados por ellos mismos. Tambi\u00e9n hay un mercado de artesan\u00edas que se celebra en el mismo lugar el primer domingo de cada mes. En verano, encontrar\u00e1s m\u00e1s alternativas e incluso mercados nocturnos como el de arte, que abre sus puertas los s\u00e1bados por la noche en Railway Park.<\/li>\n<\/ul>\n\n\n\n<h3 class=\"wp-block-heading\">Errores que debes evitar<\/h3>\n\n\n\n<ul class=\"wp-block-list\">\n<li><strong>No preguntar o no hablar con la gente por verg\u00fcenza.<\/strong>&nbsp;Si quieres&nbsp;<a href=\"https:\/\/youtooproject.com\/blog\/australia\/estudiar-trabajar-byron-bay\/\">estudiar ingl\u00e9s en Byron Bay<\/a>, la mejor forma es hablar con la gente nativa. Los australianos no se van a re\u00edr de ti si no lo dominas a la perfecci\u00f3n; te intentar\u00e1n ayudar. \u00a1Vamos!<\/li>\n\n\n\n<li><strong>No aprender a surfear.&nbsp;<\/strong>Es el para\u00edso para los surferos, date una oportunidad y comprueba si este deporte es para ti. Si es tu primera vez, \u00a1ap\u00fantate a alguna clase!<\/li>\n\n\n\n<li><strong>No viajar lo suficiente.&nbsp;<\/strong>Es normal que durante los primeros meses solo te preocupes por&nbsp;<a href=\"https:\/\/youtooproject.com\/blog\/australia\/cuanto-cuesta-estudiar-y-trabajar-en-australia\/\" target=\"_blank\" rel=\"noreferrer noopener\">mejorar tu ingl\u00e9s<\/a>&nbsp;y&nbsp;<a href=\"https:\/\/youtooproject.com\/blog\/australia\/guia-trabajar-australia\/\" target=\"_blank\" rel=\"noreferrer noopener\">encontrar un trabajo<\/a>. Sin embargo, tienes que recordar que el objetivo de este viaje es disfrutar, por lo que recorrer Australia debe ser una prioridad.<\/li>\n<\/ul>\n\n\n\n<h3 class=\"wp-block-heading\">Qu\u00e9 visitar en Byron Bay<\/h3>\n\n\n\n<p>No te puedes perder:<\/p>\n\n\n\n<ul class=\"wp-block-list\">\n<li><strong>El faro de Byron Bay:<\/strong>&nbsp;lo encuentras en el Cape Byron. El camino es encantador, por lo que te recomendamos subir caminando o corriendo (para los m\u00e1s deportistas). Este faro ha iluminado las noches del pac\u00edfico desde 1991.<\/li>\n\n\n\n<li><strong>Cape Byron:&nbsp;<\/strong>es el punto m\u00e1s oriental del continente de Australia y se encuentra 3 kil\u00f3metros al este de la ciudad.<\/li>\n\n\n\n<li><strong>Parque Nacional Arakwal<\/strong>: aqu\u00ed podr\u00e1s pasar un d\u00eda estupendo. Si te gustan los animales es un excelente sitio para observar aves y ballenas.<\/li>\n\n\n\n<li><strong>Fisherman&#8217;s lookout:&nbsp;<\/strong>es uno de los miradores m\u00e1s populares en Australia. Podr\u00e1s disfrutar de su naturaleza.<\/li>\n\n\n\n<li><strong>Downtown de Byron Bay:&nbsp;<\/strong>no te puedes perder la visita al centro de Byron Bay. Puedes recorrerla a pie o en bicicleta, \u00a1te va a sorprender seguro! Con su m\u00fasica en vivo en cada esquina, tiendas de ropa, caf\u00e9s y restaurantes, seguro que te querr\u00e1s quedar a vivir en este pueblo encantador.<\/li>\n\n\n\n<li><strong>Tallow Beach:&nbsp;<\/strong>una playa perfecta para disfrutar del sol. Aunque en vacaciones escolares es muy popular, no puedes dejar de ir a verla ya que encontraras \u00e1guilas pescadoras y \u00e1guilas marinas.<\/li>\n<\/ul>\n","protected":false},"excerpt":{"rendered":"<p>Vivir en Byron Bay El rinc\u00f3n hippie de Australia Byron Bay es uno de los lugares m\u00e1s famosos de Australia.<\/p>\n","protected":false},"author":4,"featured_media":39500,"parent":41405,"menu_order":0,"comment_status":"closed","ping_status":"closed","template":"","meta":{"_acf_changed":false,"footnotes":""},"class_list":["post-41983","page","type-page","status-publish","has-post-thumbnail","hentry"],"acf":[],"_links":{"self":[{"href":"https:\/\/youtooproject.com\/en\/wp-json\/wp\/v2\/pages\/41983","targetHints":{"allow":["GET"]}}],"collection":[{"href":"https:\/\/youtooproject.com\/en\/wp-json\/wp\/v2\/pages"}],"about":[{"href":"https:\/\/youtooproject.com\/en\/wp-json\/wp\/v2\/types\/page"}],"author":[{"embeddable":true,"href":"https:\/\/youtooproject.com\/en\/wp-json\/wp\/v2\/users\/4"}],"replies":[{"embeddable":true,"href":"https:\/\/youtooproject.com\/en\/wp-json\/wp\/v2\/comments?post=41983"}],"version-history":[{"count":2,"href":"https:\/\/youtooproject.com\/en\/wp-json\/wp\/v2\/pages\/41983\/revisions"}],"predecessor-version":[{"id":59266,"href":"https:\/\/youtooproject.com\/en\/wp-json\/wp\/v2\/pages\/41983\/revisions\/59266"}],"up":[{"embeddable":true,"href":"https:\/\/youtooproject.com\/en\/wp-json\/wp\/v2\/pages\/41405"}],"wp:featuredmedia":[{"embeddable":true,"href":"https:\/\/youtooproject.com\/en\/wp-json\/wp\/v2\/media\/39500"}],"wp:attachment":[{"href":"https:\/\/youtooproject.com\/en\/wp-json\/wp\/v2\/media?parent=41983"}],"curies":[{"name":"wp","href":"https:\/\/api.w.org\/{rel}","templated":true}]}}